{"id":272898,"date":"2026-01-23T18:20:46","date_gmt":"2026-01-23T18:20:46","guid":{"rendered":"https:\/\/economitza.jacidi.com\/?page_id=272898"},"modified":"2026-03-27T12:50:21","modified_gmt":"2026-03-27T12:50:21","slug":"proveedores","status":"publish","type":"page","link":"https:\/\/economitza.jacidi.com\/index.php\/proveedores\/","title":{"rendered":"Proveedores"},"content":{"rendered":"<p>[et_pb_section fb_built=\u00bb1&#8243; custom_padding_last_edited=\u00bbon|phone\u00bb module_id=\u00bbmodulo1Home\u00bb _builder_version=\u00bb4.27.5&#8243; _module_preset=\u00bbdefault\u00bb background_color=\u00bb#f3f3f3&#8243; height=\u00bb100%\u00bb height_tablet=\u00bb\u00bb height_phone=\u00bb\u00bb height_last_edited=\u00bbon|tablet\u00bb custom_padding=\u00bb10px||||false|false\u00bb custom_padding_tablet=\u00bb10px||||false|false\u00bb custom_padding_phone=\u00bb5em||0px||false|false\u00bb global_colors_info=\u00bb{}\u00bb][et_pb_row column_structure=\u00bb1_2,1_2&#8243; make_equal=\u00bbon\u00bb _builder_version=\u00bb4.27.5&#8243; _module_preset=\u00bbdefault\u00bb width=\u00bb90%\u00bb max_width=\u00bb1920px\u00bb custom_margin_tablet=\u00bb5em||||false|false\u00bb custom_margin_phone=\u00bb2em||||false|false\u00bb custom_margin_last_edited=\u00bbon|tablet\u00bb global_colors_info=\u00bb{}\u00bb][et_pb_column type=\u00bb1_2&#8243; _builder_version=\u00bb4.27.5&#8243; _module_preset=\u00bbdefault\u00bb custom_css_main_element=\u00bbdisplay: flex;||flex-direction: column;||flex-wrap: nowrap;\u00bb global_colors_info=\u00bb{}\u00bb][et_pb_button button_text=\u00bbProveedores\u00bb _builder_version=\u00bb4.27.5&#8243; _module_preset=\u00bbdefault\u00bb custom_button=\u00bbon\u00bb button_text_size=\u00bb22px\u00bb button_bg_color=\u00bbgcid-8f048145-8fdb-4084-b9f9-934b9c0b6afc\u00bb button_font=\u00bbGeneralSans-Medium||||||||\u00bb button_use_icon=\u00bboff\u00bb custom_padding=\u00bb0.5em|30px|0.5em|30px|true|true\u00bb global_colors_info=\u00bb{%22gcid-8f048145-8fdb-4084-b9f9-934b9c0b6afc%22:%91%22button_bg_color%22%93}\u00bb button_bg_color__hover_enabled=\u00bbon|desktop\u00bb button_bg_color__hover=\u00bb#000000&#8243; button_bg_enable_color__hover=\u00bbon\u00bb][\/et_pb_button][et_pb_text _builder_version=\u00bb4.27.5&#8243; _module_preset=\u00bbdefault\u00bb text_font=\u00bbGeneralSans-Medium|600|||||||\u00bb text_text_color=\u00bb#000000&#8243; text_font_size=\u00bb38px\u00bb text_line_height=\u00bb1.2em\u00bb max_width_tablet=\u00bb\u00bb max_width_phone=\u00bb80%\u00bb max_width_last_edited=\u00bbon|phone\u00bb custom_margin=\u00bb||20px||false|false\u00bb text_font_size_tablet=\u00bb36px\u00bb text_font_size_phone=\u00bb28px\u00bb text_font_size_last_edited=\u00bbon|phone\u00bb global_colors_info=\u00bb{}\u00bb]<\/p>\n<p>\u00bfQu\u00e9 ventajas tengo como proveedor?<\/p>\n<p>[\/et_pb_text][et_pb_text _builder_version=\u00bb4.27.5&#8243; _module_preset=\u00bbdefault\u00bb text_font=\u00bbGeneralSans-Regular||||||||\u00bb text_text_color=\u00bb#000000&#8243; text_font_size=\u00bb28px\u00bb text_line_height=\u00bb1.2em\u00bb custom_margin=\u00bb||30px||false|false\u00bb custom_margin_tablet=\u00bb||30px||false|false\u00bb custom_margin_phone=\u00bb||60px||false|false\u00bb custom_margin_last_edited=\u00bbon|phone\u00bb text_font_size_tablet=\u00bb26px\u00bb text_font_size_phone=\u00bb22px\u00bb text_font_size_last_edited=\u00bbon|phone\u00bb global_colors_info=\u00bb{}\u00bb]<\/p>\n<p>Mejora en gesti\u00f3n, comunicaci\u00f3n y resoluci\u00f3n de incidencias ya que todo pedido queda registrado y permite validar la recepci\u00f3n por parte del proveedor y por parte del cliente.<\/p>\n<p>[\/et_pb_text][et_pb_button button_text=\u00bbAhorro: gracias a la digitalizaci\u00f3n de pedidos, albaranes o facturas\u00bb _builder_version=\u00bb4.27.5&#8243; _module_preset=\u00bbdefault\u00bb custom_button=\u00bbon\u00bb button_text_size=\u00bb22px\u00bb button_text_color=\u00bb#000000&#8243; button_bg_color=\u00bb#e6e6e6&#8243; button_font=\u00bbGeneralSans-Medium||||||||\u00bb button_icon=\u00bb&#x4e;||divi||400&#8243; button_icon_color=\u00bbgcid-8f048145-8fdb-4084-b9f9-934b9c0b6afc\u00bb button_icon_placement=\u00bbleft\u00bb button_on_hover=\u00bboff\u00bb custom_margin=\u00bb||10px||false|false\u00bb custom_padding=\u00bb10px|2em|10px|2.5em|true|false\u00bb custom_css_main_element=\u00bbpointer-events: none;\u00bb global_colors_info=\u00bb{%22gcid-8f048145-8fdb-4084-b9f9-934b9c0b6afc%22:%91%22button_icon_color%22%93}\u00bb button_bg_color__hover_enabled=\u00bbon|hover\u00bb button_bg_color__hover=\u00bb#e6e6e6&#8243; custom_css_main_element_last_edited=\u00bbon|phone\u00bb custom_css_main_element_phone=\u00bbline-height: 1em !important;||\t}\u00bb custom_css_main_element_tablet=\u00bbpointer-events: none;\u00bb][\/et_pb_button][et_pb_button button_text=\u00bbOptimizaci\u00f3n: de costes de comunicaci\u00f3n y comercializaci\u00f3n\u00bb _builder_version=\u00bb4.27.5&#8243; _module_preset=\u00bbdefault\u00bb custom_button=\u00bbon\u00bb button_text_size=\u00bb22px\u00bb button_text_color=\u00bb#000000&#8243; button_bg_color=\u00bb#e6e6e6&#8243; button_font=\u00bbGeneralSans-Medium||||||||\u00bb button_icon=\u00bb&#x4e;||divi||400&#8243; button_icon_color=\u00bbgcid-8f048145-8fdb-4084-b9f9-934b9c0b6afc\u00bb button_icon_placement=\u00bbleft\u00bb button_on_hover=\u00bboff\u00bb custom_margin=\u00bb||10px||false|false\u00bb custom_padding=\u00bb10px|2em|10px|2.5em|true|false\u00bb custom_css_main_element=\u00bbpointer-events: none;\u00bb global_colors_info=\u00bb{%22gcid-8f048145-8fdb-4084-b9f9-934b9c0b6afc%22:%91%22button_icon_color%22%93}\u00bb button_bg_color__hover_enabled=\u00bbon|hover\u00bb button_bg_color__hover=\u00bb#e6e6e6&#8243; custom_css_main_element_last_edited=\u00bbon|phone\u00bb custom_css_main_element_phone=\u00bbline-height: 1em !important;||\t}\u00bb custom_css_main_element_tablet=\u00bbpointer-events: none;\u00bb][\/et_pb_button][et_pb_button button_text=\u00bbActualizaci\u00f3n: digital de surtidos y precios\u00bb _builder_version=\u00bb4.27.5&#8243; _module_preset=\u00bbdefault\u00bb custom_button=\u00bbon\u00bb button_text_size=\u00bb22px\u00bb button_text_color=\u00bb#000000&#8243; button_bg_color=\u00bb#e6e6e6&#8243; button_font=\u00bbGeneralSans-Medium||||||||\u00bb button_icon=\u00bb&#x4e;||divi||400&#8243; button_icon_color=\u00bbgcid-8f048145-8fdb-4084-b9f9-934b9c0b6afc\u00bb button_icon_placement=\u00bbleft\u00bb button_on_hover=\u00bboff\u00bb custom_margin=\u00bb||10px||false|false\u00bb custom_padding=\u00bb10px|2em|10px|2.5em|true|false\u00bb custom_css_main_element=\u00bbpointer-events: none;\u00bb global_colors_info=\u00bb{%22gcid-8f048145-8fdb-4084-b9f9-934b9c0b6afc%22:%91%22button_icon_color%22%93}\u00bb button_bg_color__hover_enabled=\u00bbon|hover\u00bb button_bg_color__hover=\u00bb#e6e6e6&#8243; custom_css_main_element_last_edited=\u00bbon|phone\u00bb custom_css_main_element_phone=\u00bbline-height: 1em !important;||\t}\u00bb custom_css_main_element_tablet=\u00bbpointer-events: none;\u00bb][\/et_pb_button][et_pb_icon font_icon=\u00bb&#x3b;||divi||400&#8243; icon_color=\u00bb#c9c9c9&#8243; icon_width=\u00bb70px\u00bb url=\u00bb#cardProveedores\u00bb align=\u00bbleft\u00bb align_tablet=\u00bbcenter\u00bb align_phone=\u00bbcenter\u00bb align_last_edited=\u00bbon|tablet\u00bb _builder_version=\u00bb4.27.5&#8243; _module_preset=\u00bbdefault\u00bb custom_margin=\u00bb2em|0px||0px|false|true\u00bb custom_margin_tablet=\u00bb||||false|false\u00bb custom_margin_phone=\u00bb||2em||false|false\u00bb custom_margin_last_edited=\u00bbon|phone\u00bb global_colors_info=\u00bb{%22gcid-8f048145-8fdb-4084-b9f9-934b9c0b6afc%22:%91%22icon_color__hover%22%93}\u00bb icon_color__hover_enabled=\u00bbon|desktop\u00bb icon_color__hover=\u00bb#026ceb\u00bb custom_css_main_element_last_edited=\u00bbon|phone\u00bb custom_css_main_element_phone=\u00bbmargin-top: 10%;\u00bb custom_css_main_element_tablet=\u00bbmargin-top: 29%;\u00bb][\/et_pb_icon][\/et_pb_column][et_pb_column type=\u00bb1_2&#8243; _builder_version=\u00bb4.27.5&#8243; _module_preset=\u00bbdefault\u00bb global_colors_info=\u00bb{}\u00bb][et_pb_image src=\u00bbhttps:\/\/economitza.jacidi.com\/wp-content\/uploads\/2026\/02\/image-proveedores-1-1.png\u00bb title_text=\u00bbimage-proveedores-1-1&#8243; align=\u00bbright\u00bb align_tablet=\u00bbcenter\u00bb align_phone=\u00bbcenter\u00bb align_last_edited=\u00bbon|tablet\u00bb _builder_version=\u00bb4.27.5&#8243; _module_preset=\u00bbdefault\u00bb custom_margin_tablet=\u00bb2em||||false|false\u00bb custom_margin_phone=\u00bb2em||||false|false\u00bb custom_margin_last_edited=\u00bbon|tablet\u00bb border_radii=\u00bbon|100px|100px|100px|100px\u00bb border_radii_tablet=\u00bbon|100px|100px|100px|100px\u00bb border_radii_phone=\u00bbon|50px|50px|50px|50px\u00bb border_radii_last_edited=\u00bbon|phone\u00bb global_colors_info=\u00bb{}\u00bb][\/et_pb_image][\/et_pb_column][\/et_pb_row][\/et_pb_section][et_pb_section fb_built=\u00bb1&#8243; module_id=\u00bbcardProveedores\u00bb _builder_version=\u00bb4.27.5&#8243; _module_preset=\u00bbdefault\u00bb background_color=\u00bb#f0f0f0&#8243; height=\u00bb100%\u00bb height_tablet=\u00bb\u00bb height_phone=\u00bb\u00bb height_last_edited=\u00bbon|tablet\u00bb global_colors_info=\u00bb{}\u00bb][et_pb_row column_structure=\u00bb1_3,1_3,1_3&#8243; use_custom_gutter=\u00bbon\u00bb gutter_width=\u00bb2&#8243; make_equal=\u00bbon\u00bb custom_padding_last_edited=\u00bbon|phone\u00bb disabled_on=\u00bboff|off|off\u00bb _builder_version=\u00bb4.27.5&#8243; _module_preset=\u00bbdefault\u00bb width=\u00bb90%\u00bb max_width=\u00bb1920px\u00bb custom_padding_tablet=\u00bb\u00bb custom_padding_phone=\u00bb||0px||false|false\u00bb global_colors_info=\u00bb{}\u00bb][et_pb_column type=\u00bb1_3&#8243; _builder_version=\u00bb4.27.5&#8243; _module_preset=\u00bbdefault\u00bb background_color=\u00bb#e6e6e6&#8243; custom_padding=\u00bb32px||32px||true|false\u00bb border_radii=\u00bbon|50px|50px|50px|50px\u00bb border_width_all=\u00bb0.8px\u00bb border_color_all=\u00bb#bebebe\u00bb global_colors_info=\u00bb{}\u00bb custom_css_main_element_last_edited=\u00bbon|phone\u00bb custom_css_main_element_phone=\u00bbmargin-bottom: 15px!important;\u00bb custom_css_main_element_tablet=\u00bbmargin-bottom: 15px!important;\u00bb][et_pb_image src=\u00bbhttps:\/\/economitza.jacidi.com\/wp-content\/uploads\/2026\/01\/fi_522568.svg\u00bb title_text=\u00bbfi_522568&#8243; align=\u00bbcenter\u00bb _builder_version=\u00bb4.27.5&#8243; _module_preset=\u00bbdefault\u00bb max_width_tablet=\u00bb\u00bb max_width_phone=\u00bb25%\u00bb max_width_last_edited=\u00bbon|phone\u00bb custom_margin_tablet=\u00bb\u00bb custom_margin_phone=\u00bb||10px||false|false\u00bb custom_margin_last_edited=\u00bbon|phone\u00bb global_colors_info=\u00bb{}\u00bb][\/et_pb_image][et_pb_text _builder_version=\u00bb4.27.5&#8243; _module_preset=\u00bbdefault\u00bb text_font=\u00bbGeneralSans-Regular||||||||\u00bb text_text_color=\u00bb#000000&#8243; text_font_size=\u00bb36px\u00bb text_orientation=\u00bbcenter\u00bb custom_margin=\u00bb||1.2em||false|false\u00bb text_font_size_tablet=\u00bb36px\u00bb text_font_size_phone=\u00bb26px\u00bb text_font_size_last_edited=\u00bbon|phone\u00bb global_colors_info=\u00bb{}\u00bb]<\/p>\n<p>Contamos con<\/p>\n<p>[\/et_pb_text][et_pb_text _builder_version=\u00bb4.27.5&#8243; _module_preset=\u00bbdefault\u00bb text_font=\u00bbGeneralSans-Semibold|500|||||||\u00bb text_text_color=\u00bbgcid-8f048145-8fdb-4084-b9f9-934b9c0b6afc\u00bb text_font_size=\u00bb70px\u00bb text_orientation=\u00bbcenter\u00bb text_font_size_tablet=\u00bb70px\u00bb text_font_size_phone=\u00bb60px\u00bb text_font_size_last_edited=\u00bbon|phone\u00bb global_colors_info=\u00bb{%22gcid-8f048145-8fdb-4084-b9f9-934b9c0b6afc%22:%91%22text_text_color%22%93}\u00bb]<\/p>\n<p>+500<\/p>\n<p>[\/et_pb_text][et_pb_text _builder_version=\u00bb4.27.5&#8243; _module_preset=\u00bbdefault\u00bb text_font=\u00bbGeneralSans-Semibold||||||||\u00bb text_text_color=\u00bb#000000&#8243; text_font_size=\u00bb32px\u00bb text_line_height=\u00bb1.1em\u00bb text_orientation=\u00bbcenter\u00bb custom_margin=\u00bb1.3em||||false|false\u00bb text_font_size_tablet=\u00bb32px\u00bb text_font_size_phone=\u00bb26px\u00bb text_font_size_last_edited=\u00bbon|phone\u00bb global_colors_info=\u00bb{}\u00bb]<\/p>\n<p>Proveedores<br \/>homologados<\/p>\n<p>[\/et_pb_text][\/et_pb_column][et_pb_column type=\u00bb1_3&#8243; _builder_version=\u00bb4.27.5&#8243; _module_preset=\u00bbdefault\u00bb background_color=\u00bb#e6e6e6&#8243; custom_padding=\u00bb32px||32px||true|false\u00bb custom_css_main_element=\u00bbmargin-bottom: 15px!important;\u00bb border_radii=\u00bbon|50px|50px|50px|50px\u00bb border_width_all=\u00bb0.8px\u00bb border_color_all=\u00bb#bebebe\u00bb global_colors_info=\u00bb{}\u00bb][et_pb_image src=\u00bbhttps:\/\/economitza.jacidi.com\/wp-content\/uploads\/2026\/01\/fi_9453323.svg\u00bb title_text=\u00bbfi_9453323&#8243; align=\u00bbcenter\u00bb _builder_version=\u00bb4.27.5&#8243; _module_preset=\u00bbdefault\u00bb max_width_tablet=\u00bb\u00bb max_width_phone=\u00bb25%\u00bb max_width_last_edited=\u00bbon|phone\u00bb custom_margin_tablet=\u00bb\u00bb custom_margin_phone=\u00bb||10px||false|false\u00bb custom_margin_last_edited=\u00bbon|phone\u00bb global_colors_info=\u00bb{}\u00bb][\/et_pb_image][et_pb_text _builder_version=\u00bb4.27.5&#8243; _module_preset=\u00bbdefault\u00bb text_font=\u00bbGeneralSans-Regular||||||||\u00bb text_text_color=\u00bb#000000&#8243; text_font_size=\u00bb36px\u00bb text_orientation=\u00bbcenter\u00bb custom_margin=\u00bb||1.2em||false|false\u00bb text_font_size_tablet=\u00bb36px\u00bb text_font_size_phone=\u00bb26px\u00bb text_font_size_last_edited=\u00bbon|phone\u00bb global_colors_info=\u00bb{}\u00bb]<\/p>\n<p>Tenemos<\/p>\n<p>[\/et_pb_text][et_pb_text _builder_version=\u00bb4.27.5&#8243; _module_preset=\u00bbdefault\u00bb text_font=\u00bbGeneralSans-Semibold|600|||||||\u00bb text_text_color=\u00bbgcid-8f048145-8fdb-4084-b9f9-934b9c0b6afc\u00bb text_font_size=\u00bb70px\u00bb text_orientation=\u00bbcenter\u00bb text_font_size_tablet=\u00bb70px\u00bb text_font_size_phone=\u00bb60px\u00bb text_font_size_last_edited=\u00bbon|phone\u00bb global_colors_info=\u00bb{%22gcid-8f048145-8fdb-4084-b9f9-934b9c0b6afc%22:%91%22text_text_color%22%93}\u00bb]<\/p>\n<p>+100.000<\/p>\n<p>[\/et_pb_text][et_pb_text _builder_version=\u00bb4.27.5&#8243; _module_preset=\u00bbdefault\u00bb text_font=\u00bbGeneralSans-Semibold||||||||\u00bb text_text_color=\u00bb#000000&#8243; text_font_size=\u00bb32px\u00bb text_line_height=\u00bb1.1em\u00bb text_orientation=\u00bbcenter\u00bb custom_margin=\u00bb1.3em||||false|false\u00bb text_font_size_tablet=\u00bb32px\u00bb text_font_size_phone=\u00bb26px\u00bb text_font_size_last_edited=\u00bbon|phone\u00bb global_colors_info=\u00bb{}\u00bb]<\/p>\n<p>Referencias<br \/>catalogadas<\/p>\n<p>[\/et_pb_text][\/et_pb_column][et_pb_column type=\u00bb1_3&#8243; disabled_on=\u00bboff|off|off\u00bb _builder_version=\u00bb4.27.5&#8243; _module_preset=\u00bbdefault\u00bb background_color=\u00bb#e6e6e6&#8243; custom_padding=\u00bb8em||8em||true|false\u00bb custom_css_main_element=\u00bbmargin-bottom: 15px!important;\u00bb border_radii=\u00bbon|50px|50px|50px|50px\u00bb border_width_all=\u00bb0.8px\u00bb border_color_all=\u00bb#bebebe\u00bb global_colors_info=\u00bb{}\u00bb][et_pb_text _builder_version=\u00bb4.27.5&#8243; _module_preset=\u00bbdefault\u00bb text_font=\u00bbGeneralSans-Regular||||||||\u00bb text_text_color=\u00bb#000000&#8243; text_font_size=\u00bb36px\u00bb text_line_height=\u00bb1.2em\u00bb text_orientation=\u00bbcenter\u00bb max_width=\u00bb54%\u00bb module_alignment=\u00bbcenter\u00bb custom_margin=\u00bb||0px||false|false\u00bb hover_enabled=\u00bb0&#8243; text_font_size_tablet=\u00bb36px\u00bb text_font_size_phone=\u00bb26px\u00bb text_font_size_last_edited=\u00bboff|phone\u00bb global_colors_info=\u00bb{}\u00bb sticky_enabled=\u00bb0&#8243;]<\/p>\n<p>Tu <span style=\"color: #026ceb;\">aliado <span style=\"color: #000000;\">estrat\u00e9gico<\/span><\/span><\/p>\n<p>[\/et_pb_text][et_pb_text _builder_version=\u00bb4.27.5&#8243; _module_preset=\u00bbdefault\u00bb text_font=\u00bbGeneralSans-Regular||||||||\u00bb text_text_color=\u00bb#000000&#8243; text_font_size=\u00bb36px\u00bb text_line_height=\u00bb1.2em\u00bb text_orientation=\u00bbcenter\u00bb max_width=\u00bb59%\u00bb module_alignment=\u00bbcenter\u00bb custom_margin=\u00bb||0px||false|false\u00bb text_font_size_tablet=\u00bb36px\u00bb text_font_size_phone=\u00bb26px\u00bb text_font_size_last_edited=\u00bboff|phone\u00bb global_colors_info=\u00bb{}\u00bb]<\/p>\n<p>Para <span style=\"color: #026ceb;\">vender <span style=\"color: #000000;\">mejor<\/span><\/span><\/p>\n<p>[\/et_pb_text][\/et_pb_column][\/et_pb_row][\/et_pb_section]<\/p>\n","protected":false},"excerpt":{"rendered":"<p>\u00bfQu\u00e9 ventajas tengo como proveedor?Mejora en gesti\u00f3n, comunicaci\u00f3n y resoluci\u00f3n de incidencias ya que todo pedido queda registrado y permite validar la recepci\u00f3n por parte del proveedor y por parte del cliente.Contamos con+500ProveedoreshomologadosTenemos+100.000ReferenciascatalogadasTu aliado estrat\u00e9gicoPara vender mejor<\/p>\n","protected":false},"author":1,"featured_media":0,"parent":0,"menu_order":0,"comment_status":"closed","ping_status":"closed","template":"","meta":{"_et_pb_use_builder":"on","_et_pb_old_content":"","_et_gb_content_width":"","inline_featured_image":false,"footnotes":""},"class_list":["post-272898","page","type-page","status-publish","hentry"],"_links":{"self":[{"href":"https:\/\/economitza.jacidi.com\/index.php\/wp-json\/wp\/v2\/pages\/272898","targetHints":{"allow":["GET"]}}],"collection":[{"href":"https:\/\/economitza.jacidi.com\/index.php\/wp-json\/wp\/v2\/pages"}],"about":[{"href":"https:\/\/economitza.jacidi.com\/index.php\/wp-json\/wp\/v2\/types\/page"}],"author":[{"embeddable":true,"href":"https:\/\/economitza.jacidi.com\/index.php\/wp-json\/wp\/v2\/users\/1"}],"replies":[{"embeddable":true,"href":"https:\/\/economitza.jacidi.com\/index.php\/wp-json\/wp\/v2\/comments?post=272898"}],"version-history":[{"count":66,"href":"https:\/\/economitza.jacidi.com\/index.php\/wp-json\/wp\/v2\/pages\/272898\/revisions"}],"predecessor-version":[{"id":273917,"href":"https:\/\/economitza.jacidi.com\/index.php\/wp-json\/wp\/v2\/pages\/272898\/revisions\/273917"}],"wp:attachment":[{"href":"https:\/\/economitza.jacidi.com\/index.php\/wp-json\/wp\/v2\/media?parent=272898"}],"curies":[{"name":"wp","href":"https:\/\/api.w.org\/{rel}","templated":true}]}}